{"id":10596,"date":"2021-03-29T16:46:57","date_gmt":"2021-03-29T14:46:57","guid":{"rendered":"https:\/\/say-digital.io\/blog\/?page_id=10596"},"modified":"2021-03-29T17:21:14","modified_gmt":"2021-03-29T15:21:14","slug":"ecrire-pour-say-digital","status":"publish","type":"page","link":"https:\/\/say-digital.io\/blog\/ecrire-pour-say-digital\/","title":{"rendered":"Ecrire pour Say Digital"},"content":{"rendered":"<p>[vc_row][vc_column css=\u00a0\u00bb.vc_custom_1616773248300{margin-bottom: 130px !important;}\u00a0\u00bb]<div class=\"mkdf-section-title-holder  mkdf-st-standard mkdf-st-title-left mkdf-st-normal-space \" style=\"text-align: center\">\n\t<div class=\"mkdf-st-inner\">\n\t\t\t\t\t<h1 class=\"mkdf-st-title\" >\n\t\t\t\tEcrire pour SAY Digital\t\t\t<\/h1>\n\t\t\t\t\t<\/div>\n<\/div>[\/vc_column][\/vc_row][vc_row content_placement=\u00a0\u00bbmiddle\u00a0\u00bb row_content_width=\u00a0\u00bbgrid\u00a0\u00bb css=\u00a0\u00bb.vc_custom_1530022981645{padding-bottom: 102px !important;}\u00a0\u00bb][vc_column]<div class=\"mkdf-elements-holder   mkdf-two-columns  mkdf-responsive-mode-1024 \" ><div class=\"mkdf-eh-item   mkdf-horizontal-alignment-center \"  data-item-class=\"mkdf-eh-custom-6991\" data-1025-1366=\"19% 0 0 0\" data-769-1024=\"0px 20% 0 20%\" data-681-768=\"0px\" data-680=\"0px\">\n\t<div class=\"mkdf-eh-item-inner\">\n\t\t<div class=\"mkdf-eh-item-content mkdf-eh-custom-6991\" style=\"padding: 0 0 25px\">\n\t\t\t<div class=\"mkdf-floating-images-holder mkdf-fi-left-aligned mkdf-fi-parallax\">\n    <div class=\"mkdf-fi-inner\">\n        <div class=\"mkdf-fi-image-holder mkdf-fi-main-image-holder\">\n            <div class=\"mkdf-fi-image-wrapper\" data-parallax=\"{&quot;y&quot;: -72, &quot;smoothness&quot;: 20}\">\n                <img class=\"mkdf-fi-main-image\" \n                    data-width=\"50%\" \n                    style=\"box-shadow: 10px 10px 35px 5px rgba(137,173,255,0.35)\"                    src=\"https:\/\/say-digital.io\/blog\/wp-content\/uploads\/2021\/03\/Group-3say-auhtor.jpg\" \n                    alt=\"Group 3say auhtor\" \/>\n            <\/div>\n        <\/div>\n        <div class=\"mkdf-fi-image-holder mkdf-fi-aux-image-holder\">\n            <div class=\"mkdf-fi-image-wrapper\" data-parallax=\"{&quot;y&quot;: -42, &quot;smoothness&quot;: 20}\">\n                <img class=\"mkdf-fi-aux-image\" \n                    data-x=\"-90%\" data-y=\"-24%\" data-width=\"50%\" \n                                        src=\"https:\/\/say-digital.io\/blog\/wp-content\/uploads\/2021\/03\/Group-2-1.jpg\" \n                    alt=\"Group 2\" \/>\n            <\/div>\n        <\/div>\n            <\/div>\n<\/div>\n\t\t<\/div>\n\t<\/div>\n<\/div><div class=\"mkdf-eh-item    \"  data-item-class=\"mkdf-eh-custom-3480\" data-1367-1600=\"0 10px 0 61px\" data-1025-1366=\"0% 0px 0 37px\" data-769-1024=\"0px\" data-681-768=\"0px\" data-680=\"0px\">\n\t<div class=\"mkdf-eh-item-inner\">\n\t\t<div class=\"mkdf-eh-item-content mkdf-eh-custom-3480\" style=\"padding: 0 0 0 60px\">\n\t\t\t[vc_column_text css=\u00a0\u00bb.vc_custom_1617029008067{margin-top: -40px !important;}\u00a0\u00bb]Partagez vos connaissances et grandissez en tant qu&rsquo;auteur tout en soutenant notre communaut\u00e9 de leaders tech, d\u2019aspirants fondateurs et les passionn\u00e9s de startup \u00e9voluant dans le domaine des nouvelles technologies du num\u00e9rique.<\/p>\n<p>Nous consid\u00e9rons notre blog comme une plate-forme de partage de connaissances, destin\u00e9e \u00e0 encadrer toute personne souhaitant d\u00e9velopper des comp\u00e9tences pour concevoir, d\u00e9ployer et exploiter une infrastructure et des applications sur le Cloud.<\/p>\n<p>Que vous d\u00e9butez ou que vous cherchez \u00e0 approfondir votre expertise technique, le blog SAY Digital est con\u00e7u pour vous aider \u00e0 acqu\u00e9rir des comp\u00e9tences en dev, devops &amp; gestion de produit, ainsi qu&rsquo;\u00e0 propager les id\u00e9es qui font la r\u00e9alit\u00e9 du succ\u00e8s des startups, des designers et des d\u00e9veloppeurs produits.<\/p>\n<p>Nous accueillons les articles de fondateurs et de managers qui souhaitent partager leurs d\u00e9fis, leurs opportunit\u00e9s et leurs succ\u00e8s avec notre communaut\u00e9.<\/p>\n<p>Notre public appr\u00e9cie les informations relatives \u00e0 la strat\u00e9gie digitale, \u00e0 la transformation et aux meilleures pratiques ax\u00e9es sur le SaaS, le DevOps, le d\u00e9veloppement de logiciels, la recherche, le marketing social et le marketing par e-mail.<\/p>\n<p>Nous partageons tout le contenu sur nos plateformes de m\u00e9dias sociaux et dans le cadre de notre newsletter hebdomadaire.[\/vc_column_text]\t\t<\/div>\n\t<\/div>\n<\/div><\/div>[\/vc_column][\/vc_row][vc_row][vc_column][vc_column_text]<br \/>\n[\/vc_column_text][\/vc_column][\/vc_row][vc_row content_placement=\u00a0\u00bbmiddle\u00a0\u00bb row_content_width=\u00a0\u00bbgrid\u00a0\u00bb][vc_column offset=\u00a0\u00bbvc_col-lg-5 vc_col-md-12&Prime;]<div class=\"mkdf-section-title-holder  mkdf-st-standard mkdf-st-title-left mkdf-st-normal-space \" >\n\t<div class=\"mkdf-st-inner\">\n\t\t\t\t\t<h3 class=\"mkdf-st-title\" >\n\t\t\t\t\u00c9crire pour SAY\t\t\t<\/h3>\n\t\t\t\t\t<\/div>\n<\/div>[vc_column_text]<span style=\"font-weight: 400;\">Si vous pensez poss\u00e9der une expertise dans un domaine donn\u00e9 de la vie d&rsquo;une startup, n&rsquo;h\u00e9sitez pas \u00e0 nous contacter.<\/span><\/p>\n<p>&nbsp;<\/p>\n<p><b>Structure de paiement<\/b><\/p>\n<p><span style=\"font-weight: 400;\">La plupart des tutoriels d&rsquo;\u00e9dition sont pay\u00e9s \u00e0 150 \u20ac; les sujets complexes ax\u00e9s sur la d\u00e9veloppement et ou le d\u00e9ploiement peuvent \u00eatre pay\u00e9s jusqu&rsquo;\u00e0 400 \u20ac. Les mises \u00e0 jour des tutoriels existants, tels que les modifications de distribution, sont g\u00e9n\u00e9ralement pay\u00e9es entre 50 et 120 \u20ac en fonction de la quantit\u00e9 de modifications et du contenu technique.<\/span><\/p>\n<p>&nbsp;<\/p>\n<p><b>Voici ce que nous recherchons dans un article de blog:<\/b><\/p>\n<p>&nbsp;<\/p>\n<ul>\n<li style=\"font-weight: 400;\" aria-level=\"1\"><span style=\"font-weight: 400;\">-Articles d\u2019expert d&rsquo;une longueur de 800 \u00e0 1500 mots.<\/span><\/li>\n<li style=\"font-weight: 400;\" aria-level=\"1\"><span style=\"font-weight: 400;\">-Des articles qui traitent de mani\u00e8re incisive et convaincante des probl\u00e8mes li\u00e9s aux -startups.<\/span><\/li>\n<li style=\"font-weight: 400;\" aria-level=\"1\"><span style=\"font-weight: 400;\">-Contenu non publi\u00e9 pr\u00e9c\u00e9demment.<\/span><\/li>\n<li style=\"font-weight: 400;\" aria-level=\"1\"><span style=\"font-weight: 400;\">-Exempt de toute erreur grammaticale.<\/span><\/li>\n<li style=\"font-weight: 400;\" aria-level=\"1\"><span style=\"font-weight: 400;\">-Comprend des images haute r\u00e9solution avec toutes les informations n\u00e9cessaires sur les droits d&rsquo;auteur.<\/span><\/li>\n<li style=\"font-weight: 400;\" aria-level=\"1\"><span style=\"font-weight: 400;\">-Nous ne tol\u00e9rons pas le netlinking.<\/span><\/li>\n<li style=\"font-weight: 400;\" aria-level=\"1\"><span style=\"font-weight: 400;\">-Nous cherchons \u00e0 publier uniquement des conseils tech de haute qualit\u00e9, exploitables (instructions et tutoriels) et uniques.<\/span><\/li>\n<\/ul>\n<p>&nbsp;<\/p>\n<p><span style=\"font-weight: 400;\">Postuler pour devenir auteur !<\/span>[\/vc_column_text][vc_empty_space height=\u00a0\u00bb30px\u00a0\u00bb][\/vc_column][vc_column offset=\u00a0\u00bbvc_col-lg-7 vc_col-md-12&Prime;]<div class=\"mkdf-floating-images-holder mkdf-fi-right-aligned mkdf-fi-parallax\">\n    <div class=\"mkdf-fi-inner\">\n        <div class=\"mkdf-fi-image-holder mkdf-fi-main-image-holder\">\n            <div class=\"mkdf-fi-image-wrapper\" data-parallax=\"{&quot;y&quot;: -65, &quot;smoothness&quot;: 20}\">\n                <img class=\"mkdf-fi-main-image\" \n                    data-width=\"83%\" \n                    style=\"box-shadow: -10px 10px 35px 5px rgba(230,206,191,0.7)\"                    src=\"https:\/\/say-digital.io\/blog\/wp-content\/uploads\/2021\/03\/say-digital-write-for-us.png\" \n                    alt=\"say-digital-write-for-us\" \/>\n            <\/div>\n        <\/div>\n        <div class=\"mkdf-fi-image-holder mkdf-fi-aux-image-holder\">\n            <div class=\"mkdf-fi-image-wrapper\" data-parallax=\"{&quot;y&quot;: -56, &quot;smoothness&quot;: 20}\">\n                <img class=\"mkdf-fi-aux-image\" \n                    data-x=\"8%\" data-y=\"-10%\" data-width=\"83%\" \n                    style=\"box-shadow: 0 10px 35px 5px rgba(230,206,191,0.7)\"                    src=\"\" \n                    alt=\"\" \/>\n            <\/div>\n        <\/div>\n            <\/div>\n<\/div>\n[\/vc_column][\/vc_row][vc_row row_content_width=\u00a0\u00bbgrid\u00a0\u00bb css=\u00a0\u00bb.vc_custom_1616773996794{margin-top: 120px !important;}\u00a0\u00bb][vc_column][vc_column_text css=\u00a0\u00bb.vc_custom_1617031263634{margin-bottom: 80px !important;}\u00a0\u00bb]<\/p>\n<h5 style=\"text-align: center;\">Postulez pour Ecrire pour SAY Digital<\/h5>\n<h5 style=\"text-align: center;\">et obtenir une r\u00e9mun\u00e9ration.<\/h5>\n<p>[\/vc_column_text]<div role=\"form\" class=\"wpcf7\" id=\"wpcf7-f10598-o1\" lang=\"en-US\" dir=\"ltr\">\n<div class=\"screen-reader-response\"><p role=\"status\" aria-live=\"polite\" aria-atomic=\"true\"><\/p> <ul><\/ul><\/div>\n<form action=\"\/blog\/wp-json\/wp\/v2\/pages\/10596#wpcf7-f10598-o1\" method=\"post\" class=\"wpcf7-form init cf7_custom_style_3\" novalidate=\"novalidate\" data-status=\"init\">\n<div style=\"display: none;\">\n<input type=\"hidden\" name=\"_wpcf7\" value=\"10598\" \/>\n<input type=\"hidden\" name=\"_wpcf7_version\" value=\"5.3.2\" \/>\n<input type=\"hidden\" name=\"_wpcf7_locale\" value=\"en_US\" \/>\n<input type=\"hidden\" name=\"_wpcf7_unit_tag\" value=\"wpcf7-f10598-o1\" \/>\n<input type=\"hidden\" name=\"_wpcf7_container_post\" value=\"0\" \/>\n<input type=\"hidden\" name=\"_wpcf7_posted_data_hash\" value=\"\" \/>\n<\/div>\n<div class=\"mkdf-grid-row mkdf-grid-small-gutter\">\n<div class=\"mkdf-grid-col-6\">\n<p style=\"text-align: center;\">\n\t\t<span class=\"wpcf7-form-control-wrap text-name\"><input type=\"text\" name=\"text-name\" value=\"\" size=\"40\" class=\"wpcf7-form-control wpcf7-text wpcf7-validates-as-required\" aria-required=\"true\" aria-invalid=\"false\" placeholder=\"NOM, PR\u00c9NOM\" \/><\/span>\n<\/div>\n<div class=\"mkdf-grid-col-6\">\n<p style=\"text-align: center;\">\n                <span class=\"wpcf7-form-control-wrap email-492\"><input type=\"email\" name=\"email-492\" value=\"\" size=\"40\" class=\"wpcf7-form-control wpcf7-text wpcf7-email wpcf7-validates-as-required wpcf7-validates-as-email\" aria-required=\"true\" aria-invalid=\"false\" placeholder=\"E-MAIL\" \/><\/span>\n\t<\/div>\n<\/div>\n<div class=\"message-ecrire\">\n        <label>\n<p>Comment avez-vous entendu parler du programme d'auteur de SAY Digital?<\/p>\n<p><\/label><\/p>\n<p style=\"text-align: center;\">\n\t<span class=\"wpcf7-form-control-wrap textarea-How_You_ear\"><textarea name=\"textarea-How_You_ear\" cols=\"40\" rows=\"10\" class=\"wpcf7-form-control wpcf7-textarea mess\" aria-invalid=\"false\"><\/textarea><\/span>\n\t<\/p>\n<\/div>\n<div class=\"message-ecrire\">\n        <label>\n<p>Quels sont vos domaines d'expertise?<\/p>\n<p><\/label><\/p>\n<p style=\"text-align: center;\">\n\t<span class=\"wpcf7-form-control-wrap textarea-Which_are_your_areas\"><textarea name=\"textarea-Which_are_your_areas\" cols=\"40\" rows=\"10\" class=\"wpcf7-form-control wpcf7-textarea mess\" aria-invalid=\"false\"><\/textarea><\/span>\n\t<\/p>\n<\/div>\n<div class=\"message-ecrire\">\n        <label>\n<p>Extraits d'articles<\/p>\n<p><\/label><\/p>\n<p style=\"text-align: center;\">\n\t<span class=\"wpcf7-form-control-wrap textarea-Writing_sample\"><textarea name=\"textarea-Writing_sample\" cols=\"40\" rows=\"10\" class=\"wpcf7-form-control wpcf7-textarea mess\" aria-invalid=\"false\" placeholder=\"Envoyez des extraits de vos articles (3 maximum). Nous \u00e9valuerons les extraits en fonction du niveau et de la clart\u00e9 de leurs explications techniques.\"><\/textarea><\/span>\n\t<\/p>\n<\/div>\n<div>\n<div class=\"message-ecrire\">\n        <label>\n<p>Informations compl\u00e9mentaires<\/p>\n<p><\/label><\/p>\n<p style=\"text-align: center;\">\n\t<span class=\"wpcf7-form-control-wrap textarea-Extra_information\"><textarea name=\"textarea-Extra_information\" cols=\"40\" rows=\"10\" class=\"wpcf7-form-control wpcf7-textarea mess\" aria-invalid=\"false\" placeholder=\"N&#039;h\u00e9sitez pas \u00e0 partager un lien vers votre site Web, votre compte GitHub, votre profil Twitter, etc. Nous aimerions savoir si vous maintenez ou contribuez de mani\u00e8re significative \u00e0 un projet open-source. Dites-nous comment vous avez trouv\u00e9 notre programme d&#039;auteur et ce qui vous a motiv\u00e9 \u00e0 postuler aussi!\"><\/textarea><\/span>\n\t<\/p>\n<\/div>\n<div class=\"mkdf-cf7-btn-custom-hover\">\n<p style=\"text-align: left; margin-top: 30px;\">\n\t<input type=\"submit\" value=\"ENVOYER\" class=\"wpcf7-form-control wpcf7-submit\" \/>\n\t<\/p>\n<\/div>\n<\/div>\n<div class=\"wpcf7-response-output\" aria-hidden=\"true\"><\/div><\/form><\/div>[\/vc_column][\/vc_row]<\/p>\n","protected":false},"excerpt":{"rendered":"<p>[vc_row][vc_column css=\u00a0\u00bb.vc_custom_1616773248300{margin-bottom: 130px !important;}\u00a0\u00bb][\/vc_column][\/vc_row][vc_row content_placement=\u00a0\u00bbmiddle\u00a0\u00bb row_content_width=\u00a0\u00bbgrid\u00a0\u00bb css=\u00a0\u00bb.vc_custom_1530022981645{padding-bottom: 102px !important;}\u00a0\u00bb][vc_column][\/vc_column][\/vc_row][vc_row][vc_column][vc_column_text] [\/vc_column_text][\/vc_column][\/vc_row][vc_row content_placement=\u00a0\u00bbmiddle\u00a0\u00bb row_content_width=\u00a0\u00bbgrid\u00a0\u00bb][vc_column offset=\u00a0\u00bbvc_col-lg-5 vc_col-md-12&Prime;][vc_column_text]Si vous pensez poss\u00e9der une expertise dans un domaine donn\u00e9 de la vie d&rsquo;une startup, n&rsquo;h\u00e9sitez pas \u00e0 nous contacter. &nbsp; Structure de paiement La plupart des [&hellip;]<\/p>\n","protected":false},"author":1,"featured_media":0,"parent":0,"menu_order":0,"comment_status":"closed","ping_status":"closed","template":"full-width.php","meta":{"_mi_skip_tracking":false,"_monsterinsights_sitenote_active":false,"_monsterinsights_sitenote_note":"","_monsterinsights_sitenote_category":0},"yoast_head":"<!-- This site is optimized with the Yoast SEO plugin v15.7 - https:\/\/yoast.com\/wordpress\/plugins\/seo\/ -->\n<title>Soyez r\u00e9mun\u00e9r\u00e9 en \u00e9crivant pour SAY Digital - Say Digital I\/O<\/title>\n<meta name=\"description\" content=\"Partagez vos connaissances et grandissez en tant qu&#039;auteur tout en soutenant notre communaut\u00e9 de leaders tech.\" \/>\n<meta name=\"robots\" content=\"index, follow, max-snippet:-1, max-image-preview:large, max-video-preview:-1\" \/>\n<link rel=\"canonical\" href=\"https:\/\/say-digital.io\/blog\/ecrire-pour-say-digital\/\" \/>\n<meta property=\"og:locale\" content=\"fr_FR\" \/>\n<meta property=\"og:type\" content=\"article\" \/>\n<meta property=\"og:title\" content=\"Soyez r\u00e9mun\u00e9r\u00e9 en \u00e9crivant pour SAY Digital - Say Digital I\/O\" \/>\n<meta property=\"og:description\" content=\"Partagez vos connaissances et grandissez en tant qu&#039;auteur tout en soutenant notre communaut\u00e9 de leaders tech.\" \/>\n<meta property=\"og:url\" content=\"https:\/\/say-digital.io\/blog\/ecrire-pour-say-digital\/\" \/>\n<meta property=\"og:site_name\" content=\"Say Digital I\/O\" \/>\n<meta property=\"article:modified_time\" content=\"2021-03-29T15:21:14+00:00\" \/>\n<meta name=\"twitter:card\" content=\"summary_large_image\" \/>\n<meta name=\"twitter:label1\" content=\"Dur\u00e9e de lecture est.\">\n\t<meta name=\"twitter:data1\" content=\"3 minutes\">\n<script type=\"application\/ld+json\" class=\"yoast-schema-graph\">{\"@context\":\"https:\/\/schema.org\",\"@graph\":[{\"@type\":\"WebSite\",\"@id\":\"https:\/\/say-digital.io\/blog\/#website\",\"url\":\"https:\/\/say-digital.io\/blog\/\",\"name\":\"Say Digital I\/O\",\"description\":\"Un site utilisant WordPress\",\"potentialAction\":[{\"@type\":\"SearchAction\",\"target\":\"https:\/\/say-digital.io\/blog\/?s={search_term_string}\",\"query-input\":\"required name=search_term_string\"}],\"inLanguage\":\"fr-FR\"},{\"@type\":\"WebPage\",\"@id\":\"https:\/\/say-digital.io\/blog\/ecrire-pour-say-digital\/#webpage\",\"url\":\"https:\/\/say-digital.io\/blog\/ecrire-pour-say-digital\/\",\"name\":\"Soyez r\\u00e9mun\\u00e9r\\u00e9 en \\u00e9crivant pour SAY Digital - Say Digital I\/O\",\"isPartOf\":{\"@id\":\"https:\/\/say-digital.io\/blog\/#website\"},\"datePublished\":\"2021-03-29T14:46:57+00:00\",\"dateModified\":\"2021-03-29T15:21:14+00:00\",\"description\":\"Partagez vos connaissances et grandissez en tant qu'auteur tout en soutenant notre communaut\\u00e9 de leaders tech.\",\"inLanguage\":\"fr-FR\",\"potentialAction\":[{\"@type\":\"ReadAction\",\"target\":[\"https:\/\/say-digital.io\/blog\/ecrire-pour-say-digital\/\"]}]}]}<\/script>\n<!-- \/ Yoast SEO plugin. -->","_links":{"self":[{"href":"https:\/\/say-digital.io\/blog\/wp-json\/wp\/v2\/pages\/10596"}],"collection":[{"href":"https:\/\/say-digital.io\/blog\/wp-json\/wp\/v2\/pages"}],"about":[{"href":"https:\/\/say-digital.io\/blog\/wp-json\/wp\/v2\/types\/page"}],"author":[{"embeddable":true,"href":"https:\/\/say-digital.io\/blog\/wp-json\/wp\/v2\/users\/1"}],"replies":[{"embeddable":true,"href":"https:\/\/say-digital.io\/blog\/wp-json\/wp\/v2\/comments?post=10596"}],"version-history":[{"count":2,"href":"https:\/\/say-digital.io\/blog\/wp-json\/wp\/v2\/pages\/10596\/revisions"}],"predecessor-version":[{"id":10601,"href":"https:\/\/say-digital.io\/blog\/wp-json\/wp\/v2\/pages\/10596\/revisions\/10601"}],"wp:attachment":[{"href":"https:\/\/say-digital.io\/blog\/wp-json\/wp\/v2\/media?parent=10596"}],"curies":[{"name":"wp","href":"https:\/\/api.w.org\/{rel}","templated":true}]}}